{"id":820,"date":"2025-09-03T11:01:48","date_gmt":"2025-09-03T11:01:48","guid":{"rendered":"http:\/\/www.pada.com.tr\/?page_id=820"},"modified":"2025-09-03T11:19:26","modified_gmt":"2025-09-03T11:19:26","slug":"c12-2","status":"publish","type":"page","link":"https:\/\/www.pada.com.tr\/index.php\/c12-2\/","title":{"rendered":"C12"},"content":{"rendered":"\t\t<div data-elementor-type=\"wp-page\" data-elementor-id=\"820\" class=\"elementor elementor-820\">\n\t\t\t\t<div class=\"elementor-element elementor-element-694ee237 e-flex e-con-boxed e-con e-child\" data-id=\"694ee237\" data-element_type=\"container\" data-e-type=\"container\">\n\t\t\t\t\t<div class=\"e-con-inner\">\n\t\t<div class=\"elementor-element elementor-element-32691406 e-con-full e-flex e-con e-child\" data-id=\"32691406\" data-element_type=\"container\" data-e-type=\"container\">\n\t\t<div class=\"elementor-element elementor-element-2fba725f e-con-full e-flex e-con e-child\" data-id=\"2fba725f\" data-element_type=\"container\" data-e-type=\"container\">\n\t\t\t\t<div class=\"elementor-element elementor-element-af40aae elementor-widget elementor-widget-image\" data-id=\"af40aae\" data-element_type=\"widget\" data-e-type=\"widget\" data-widget_type=\"image.default\">\n\t\t\t\t\t\t\t\t\t\t\t\t\t\t\t<img fetchpriority=\"high\" decoding=\"async\" width=\"683\" height=\"1024\" src=\"http:\/\/www.pada.com.tr\/wp-content\/uploads\/2025\/09\/C12-683x1024.png\" class=\"attachment-large size-large wp-image-574\" alt=\"\" srcset=\"http:\/\/www.pada.com.tr\/wp-content\/uploads\/2025\/09\/C12-683x1024.png 683w, http:\/\/www.pada.com.tr\/wp-content\/uploads\/2025\/09\/C12-200x300.png 200w, http:\/\/www.pada.com.tr\/wp-content\/uploads\/2025\/09\/C12-768x1152.png 768w, http:\/\/www.pada.com.tr\/wp-content\/uploads\/2025\/09\/C12.png 1024w\" sizes=\"(max-width: 683px) 100vw, 683px\" \/>\t\t\t\t\t\t\t\t\t\t\t\t\t\t\t<\/div>\n\t\t\t\t<\/div>\n\t\t\t\t<\/div>\n\t\t<div class=\"elementor-element elementor-element-5ec0c487 e-con-full e-flex e-con e-child\" data-id=\"5ec0c487\" data-element_type=\"container\" data-e-type=\"container\">\n\t\t<div class=\"elementor-element elementor-element-434ef0d1 e-con-full e-flex e-con e-child\" data-id=\"434ef0d1\" data-element_type=\"container\" data-e-type=\"container\">\n\t\t\t\t<div class=\"elementor-element elementor-element-3260e5e4 elementor-widget elementor-widget-text-editor\" data-id=\"3260e5e4\" data-element_type=\"widget\" data-e-type=\"widget\" data-widget_type=\"text-editor.default\">\n\t\t\t\t\t\t\t\t\t<p>C12 \u015eEFFAF ARABA \u015eARJ C\u0130HAZI\u00a0<\/p>\t\t\t\t\t\t\t\t<\/div>\n\t\t\t\t<div class=\"elementor-element elementor-element-1070fd08 elementor-widget elementor-widget-text-editor\" data-id=\"1070fd08\" data-element_type=\"widget\" data-e-type=\"widget\" data-widget_type=\"text-editor.default\">\n\t\t\t\t\t\t\t\t\t<p><span style=\"text-decoration: underline;\">MODEL NO: C12<\/span><\/p>\t\t\t\t\t\t\t\t<\/div>\n\t\t\t\t<div class=\"elementor-element elementor-element-6f295a5f elementor-drop-cap-yes elementor-drop-cap-view-default elementor-widget elementor-widget-text-editor\" data-id=\"6f295a5f\" data-element_type=\"widget\" data-e-type=\"widget\" data-settings=\"{&quot;drop_cap&quot;:&quot;yes&quot;}\" data-widget_type=\"text-editor.default\">\n\t\t\t\t\t\t\t\t\t<ul><li>3A Ara\u00e7 \u015earj Cihaz\u0131<\/li><li>2XUSB \u00c7\u0131k\u0131\u015f\u0131 \u00a0<\/li><li>iPhone ve Samsung Uyumlu\u00a0<\/li><li>Mobil Ara\u00e7 \u015earj\u0131<\/li><li>\u015eeffaf Tasar\u0131m<\/li><li>G\u00fcvenli \u015earj<\/li><\/ul>\t\t\t\t\t\t\t\t<\/div>\n\t\t\t\t<\/div>\n\t\t<div class=\"elementor-element elementor-element-271109fa e-con-full e-flex e-con e-child\" data-id=\"271109fa\" data-element_type=\"container\" data-e-type=\"container\">\n\t\t\t\t<div class=\"elementor-element elementor-element-7d0f8ab4 elementor-widget elementor-widget-button\" data-id=\"7d0f8ab4\" data-element_type=\"widget\" data-e-type=\"widget\" data-widget_type=\"button.default\">\n\t\t\t\t\t\t\t\t\t\t<a class=\"elementor-button elementor-size-sm\" role=\"button\">\n\t\t\t\t\t\t<span class=\"elementor-button-content-wrapper\">\n\t\t\t\t\t\t\t\t\t<span class=\"elementor-button-text\">Sat\u0131n Al<\/span>\n\t\t\t\t\t<\/span>\n\t\t\t\t\t<\/a>\n\t\t\t\t\t\t\t\t<\/div>\n\t\t\t\t<\/div>\n\t\t\t\t<\/div>\n\t\t\t\t\t<\/div>\n\t\t\t\t<\/div>\n\t\t<div class=\"elementor-element elementor-element-d9726b2 e-flex e-con-boxed e-con e-parent\" data-id=\"d9726b2\" data-element_type=\"container\" data-e-type=\"container\">\n\t\t\t\t\t<div class=\"e-con-inner\">\n\t\t\t\t\t<\/div>\n\t\t\t\t<\/div>\n\t\t\t\t<\/div>\n\t\t","protected":false},"excerpt":{"rendered":"<p>C12 \u015eEFFAF ARABA \u015eARJ C\u0130HAZI\u00a0 MODEL NO: C12 3A Ara\u00e7 \u015earj Cihaz\u0131 2XUSB \u00c7\u0131k\u0131\u015f\u0131 \u00a0 iPhone ve Samsung Uyumlu\u00a0 Mobil Ara\u00e7 \u015earj\u0131 \u015eeffaf Tasar\u0131m G\u00fcvenli \u015earj Sat\u0131n Al<\/p>\n","protected":false},"author":1,"featured_media":0,"parent":0,"menu_order":0,"comment_status":"closed","ping_status":"closed","template":"","meta":{"_kad_post_transparent":"","_kad_post_title":"hide","_kad_post_layout":"fullwidth","_kad_post_sidebar_id":"","_kad_post_content_style":"unboxed","_kad_post_vertical_padding":"hide","_kad_post_feature":"hide","_kad_post_feature_position":"","_kad_post_header":false,"_kad_post_footer":false,"_kad_post_classname":"","footnotes":""},"class_list":["post-820","page","type-page","status-publish","hentry"],"_links":{"self":[{"href":"https:\/\/www.pada.com.tr\/index.php\/wp-json\/wp\/v2\/pages\/820","targetHints":{"allow":["GET"]}}],"collection":[{"href":"https:\/\/www.pada.com.tr\/index.php\/wp-json\/wp\/v2\/pages"}],"about":[{"href":"https:\/\/www.pada.com.tr\/index.php\/wp-json\/wp\/v2\/types\/page"}],"author":[{"embeddable":true,"href":"https:\/\/www.pada.com.tr\/index.php\/wp-json\/wp\/v2\/users\/1"}],"replies":[{"embeddable":true,"href":"https:\/\/www.pada.com.tr\/index.php\/wp-json\/wp\/v2\/comments?post=820"}],"version-history":[{"count":8,"href":"https:\/\/www.pada.com.tr\/index.php\/wp-json\/wp\/v2\/pages\/820\/revisions"}],"predecessor-version":[{"id":853,"href":"https:\/\/www.pada.com.tr\/index.php\/wp-json\/wp\/v2\/pages\/820\/revisions\/853"}],"wp:attachment":[{"href":"https:\/\/www.pada.com.tr\/index.php\/wp-json\/wp\/v2\/media?parent=820"}],"curies":[{"name":"wp","href":"https:\/\/api.w.org\/{rel}","templated":true}]}}