{"id":35,"date":"2025-08-31T06:04:03","date_gmt":"2025-08-31T06:04:03","guid":{"rendered":"http:\/\/www.pada.com.tr\/?page_id=35"},"modified":"2025-09-11T05:19:02","modified_gmt":"2025-09-11T05:19:02","slug":"ana-sayfa","status":"publish","type":"page","link":"https:\/\/www.pada.com.tr\/","title":{"rendered":"ANA SAYFA"},"content":{"rendered":"\t\t<div data-elementor-type=\"wp-page\" data-elementor-id=\"35\" class=\"elementor elementor-35\">\n\t\t\t\t<div class=\"elementor-element elementor-element-3758ad8 e-con-full e-flex e-con e-parent\" data-id=\"3758ad8\" data-element_type=\"container\" data-e-type=\"container\">\n\t\t\t\t<div class=\"elementor-element elementor-element-2b083b2 elementor-widget elementor-widget-image\" data-id=\"2b083b2\" data-element_type=\"widget\" data-e-type=\"widget\" data-widget_type=\"image.default\">\n\t\t\t\t\t\t\t\t\t\t\t\t\t\t\t<img fetchpriority=\"high\" decoding=\"async\" width=\"1024\" height=\"112\" src=\"http:\/\/www.pada.com.tr\/wp-content\/uploads\/2025\/08\/ustbilgi-1-1024x112.jpg\" class=\"attachment-large size-large wp-image-95\" alt=\"\" srcset=\"http:\/\/www.pada.com.tr\/wp-content\/uploads\/2025\/08\/ustbilgi-1-1024x112.jpg 1024w, http:\/\/www.pada.com.tr\/wp-content\/uploads\/2025\/08\/ustbilgi-1-300x33.jpg 300w, http:\/\/www.pada.com.tr\/wp-content\/uploads\/2025\/08\/ustbilgi-1-768x84.jpg 768w, http:\/\/www.pada.com.tr\/wp-content\/uploads\/2025\/08\/ustbilgi-1-1536x167.jpg 1536w, http:\/\/www.pada.com.tr\/wp-content\/uploads\/2025\/08\/ustbilgi-1.jpg 2048w\" sizes=\"(max-width: 1024px) 100vw, 1024px\" \/>\t\t\t\t\t\t\t\t\t\t\t\t\t\t\t<\/div>\n\t\t\t\t<\/div>\n\t\t<div class=\"elementor-element elementor-element-1b52d49c e-flex e-con-boxed e-con e-child\" data-id=\"1b52d49c\" data-element_type=\"container\" data-e-type=\"container\">\n\t\t\t\t\t<div class=\"e-con-inner\">\n\t\t<div class=\"elementor-element elementor-element-6fcef825 e-con-full e-flex e-con e-child\" data-id=\"6fcef825\" data-element_type=\"container\" data-e-type=\"container\">\n\t\t<div class=\"elementor-element elementor-element-316ee0f1 e-con-full e-flex e-con e-child\" data-id=\"316ee0f1\" data-element_type=\"container\" data-e-type=\"container\">\n\t\t<div class=\"elementor-element elementor-element-4689cd58 e-con-full e-flex e-con e-child\" data-id=\"4689cd58\" data-element_type=\"container\" data-e-type=\"container\">\n\t\t\t\t<div class=\"elementor-element elementor-element-4542db1b elementor-align-center elementor-widget elementor-widget-button\" data-id=\"4542db1b\" data-element_type=\"widget\" data-e-type=\"widget\" data-widget_type=\"button.default\">\n\t\t\t\t\t\t\t\t\t\t<a class=\"elementor-button elementor-button-link elementor-size-sm\" href=\"#\">\n\t\t\t\t\t\t<span class=\"elementor-button-content-wrapper\">\n\t\t\t\t\t\t\t\t\t<span class=\"elementor-button-text\">ARABA \u015eARJ C\u0130HAZLARI<\/span>\n\t\t\t\t\t<\/span>\n\t\t\t\t\t<\/a>\n\t\t\t\t\t\t\t\t<\/div>\n\t\t\t\t<div class=\"elementor-element elementor-element-25eb2ca8 elementor-widget-tablet__width-initial elementor-widget elementor-widget-wp-widget-media_image\" data-id=\"25eb2ca8\" data-element_type=\"widget\" data-e-type=\"widget\" data-widget_type=\"wp-widget-media_image.default\">\n\t\t\t\t<div class=\"elementor-widget-container\">\n\t\t\t\t\t<a href=\"http:\/\/www.pada.com.tr\/index.php\/araba-sarj-cihazlari\/\"><img decoding=\"async\" width=\"300\" height=\"300\" src=\"https:\/\/www.pada.com.tr\/wp-content\/uploads\/2025\/09\/c08-300x300.png\" class=\"image wp-image-293  attachment-medium size-medium\" alt=\"\" style=\"max-width: 100%; height: auto;\" srcset=\"https:\/\/www.pada.com.tr\/wp-content\/uploads\/2025\/09\/c08-300x300.png 300w, https:\/\/www.pada.com.tr\/wp-content\/uploads\/2025\/09\/c08-150x150.png 150w, https:\/\/www.pada.com.tr\/wp-content\/uploads\/2025\/09\/c08-768x768.png 768w, https:\/\/www.pada.com.tr\/wp-content\/uploads\/2025\/09\/c08.png 800w\" sizes=\"(max-width: 300px) 100vw, 300px\" \/><\/a>\t\t\t\t<\/div>\n\t\t\t\t<\/div>\n\t\t\t\t<\/div>\n\t\t<div class=\"elementor-element elementor-element-1677d01b e-con-full e-flex e-con e-child\" data-id=\"1677d01b\" data-element_type=\"container\" data-e-type=\"container\">\n\t\t\t\t<div class=\"elementor-element elementor-element-4e91802 elementor-align-center elementor-widget elementor-widget-button\" data-id=\"4e91802\" data-element_type=\"widget\" data-e-type=\"widget\" data-widget_type=\"button.default\">\n\t\t\t\t\t\t\t\t\t\t<a class=\"elementor-button elementor-button-link elementor-size-sm\" href=\"http:\/\/www.pada.com.tr\/index.php\/sarj-cihazlari\/\">\n\t\t\t\t\t\t<span class=\"elementor-button-content-wrapper\">\n\t\t\t\t\t\t\t\t\t<span class=\"elementor-button-text\">\u015eARJ C\u0130HAZLARI<\/span>\n\t\t\t\t\t<\/span>\n\t\t\t\t\t<\/a>\n\t\t\t\t\t\t\t\t<\/div>\n\t\t\t\t<div class=\"elementor-element elementor-element-2302c6f elementor-widget-tablet__width-initial elementor-widget elementor-widget-wp-widget-media_image\" data-id=\"2302c6f\" data-element_type=\"widget\" data-e-type=\"widget\" data-widget_type=\"wp-widget-media_image.default\">\n\t\t\t\t<div class=\"elementor-widget-container\">\n\t\t\t\t\t<a href=\"http:\/\/www.pada.com.tr\/index.php\/sarj-cihazlari\/\"><img decoding=\"async\" width=\"300\" height=\"300\" src=\"https:\/\/www.pada.com.tr\/wp-content\/uploads\/2025\/09\/pdw20-300x300.png\" class=\"image wp-image-255  attachment-medium size-medium\" alt=\"\" style=\"max-width: 100%; height: auto;\" srcset=\"https:\/\/www.pada.com.tr\/wp-content\/uploads\/2025\/09\/pdw20-300x300.png 300w, https:\/\/www.pada.com.tr\/wp-content\/uploads\/2025\/09\/pdw20-150x150.png 150w, https:\/\/www.pada.com.tr\/wp-content\/uploads\/2025\/09\/pdw20-768x768.png 768w, https:\/\/www.pada.com.tr\/wp-content\/uploads\/2025\/09\/pdw20.png 800w\" sizes=\"(max-width: 300px) 100vw, 300px\" \/><\/a>\t\t\t\t<\/div>\n\t\t\t\t<\/div>\n\t\t\t\t<\/div>\n\t\t<div class=\"elementor-element elementor-element-2d7d4e56 e-con-full e-flex e-con e-child\" data-id=\"2d7d4e56\" data-element_type=\"container\" data-e-type=\"container\">\n\t\t\t\t<div class=\"elementor-element elementor-element-d8fbae8 elementor-align-center elementor-widget elementor-widget-button\" data-id=\"d8fbae8\" data-element_type=\"widget\" data-e-type=\"widget\" data-widget_type=\"button.default\">\n\t\t\t\t\t\t\t\t\t\t<a class=\"elementor-button elementor-button-link elementor-size-sm\" href=\"http:\/\/www.pada.com.tr\/index.php\/kablolar\/\">\n\t\t\t\t\t\t<span class=\"elementor-button-content-wrapper\">\n\t\t\t\t\t\t\t\t\t<span class=\"elementor-button-text\">KABLOLAR <\/span>\n\t\t\t\t\t<\/span>\n\t\t\t\t\t<\/a>\n\t\t\t\t\t\t\t\t<\/div>\n\t\t\t\t<div class=\"elementor-element elementor-element-562bdea9 elementor-widget-tablet__width-initial elementor-widget elementor-widget-wp-widget-media_image\" data-id=\"562bdea9\" data-element_type=\"widget\" data-e-type=\"widget\" data-widget_type=\"wp-widget-media_image.default\">\n\t\t\t\t<div class=\"elementor-widget-container\">\n\t\t\t\t\t<a href=\"http:\/\/www.pada.com.tr\/index.php\/kablolar\/\"><img loading=\"lazy\" decoding=\"async\" width=\"300\" height=\"300\" src=\"https:\/\/www.pada.com.tr\/wp-content\/uploads\/2025\/08\/ap2-03-300x300.jpg\" class=\"image wp-image-173  attachment-medium size-medium\" alt=\"\" style=\"max-width: 100%; height: auto;\" srcset=\"https:\/\/www.pada.com.tr\/wp-content\/uploads\/2025\/08\/ap2-03-300x300.jpg 300w, https:\/\/www.pada.com.tr\/wp-content\/uploads\/2025\/08\/ap2-03-150x150.jpg 150w, https:\/\/www.pada.com.tr\/wp-content\/uploads\/2025\/08\/ap2-03-768x768.jpg 768w, https:\/\/www.pada.com.tr\/wp-content\/uploads\/2025\/08\/ap2-03-e1756745647513.jpg 800w\" sizes=\"(max-width: 300px) 100vw, 300px\" \/><\/a>\t\t\t\t<\/div>\n\t\t\t\t<\/div>\n\t\t\t\t<\/div>\n\t\t\t\t<\/div>\n\t\t<div class=\"elementor-element elementor-element-3ab273cc e-con-full e-flex e-con e-child\" data-id=\"3ab273cc\" data-element_type=\"container\" data-e-type=\"container\">\n\t\t<div class=\"elementor-element elementor-element-2923b5a0 e-con-full e-flex e-con e-child\" data-id=\"2923b5a0\" data-element_type=\"container\" data-e-type=\"container\">\n\t\t\t\t<div class=\"elementor-element elementor-element-764a292 elementor-align-center elementor-widget elementor-widget-button\" data-id=\"764a292\" data-element_type=\"widget\" data-e-type=\"widget\" data-widget_type=\"button.default\">\n\t\t\t\t\t\t\t\t\t\t<a class=\"elementor-button elementor-button-link elementor-size-sm\" href=\"http:\/\/www.pada.com.tr\/index.php\/kablosuz-sarj-cihazlari\/\">\n\t\t\t\t\t\t<span class=\"elementor-button-content-wrapper\">\n\t\t\t\t\t\t\t\t\t<span class=\"elementor-button-text\">KABLOSUZ \u015eARJ C\u0130HAZLARI<\/span>\n\t\t\t\t\t<\/span>\n\t\t\t\t\t<\/a>\n\t\t\t\t\t\t\t\t<\/div>\n\t\t\t\t<div class=\"elementor-element elementor-element-e9db226 elementor-widget-tablet__width-initial elementor-widget elementor-widget-wp-widget-media_image\" data-id=\"e9db226\" data-element_type=\"widget\" data-e-type=\"widget\" data-widget_type=\"wp-widget-media_image.default\">\n\t\t\t\t<div class=\"elementor-widget-container\">\n\t\t\t\t\t<a href=\"http:\/\/www.pada.com.tr\/index.php\/kablosuz-sarj-cihazlari\/\"><img loading=\"lazy\" decoding=\"async\" width=\"300\" height=\"300\" src=\"https:\/\/www.pada.com.tr\/wp-content\/uploads\/2025\/09\/kablosuzsarj-300x300.png\" class=\"image wp-image-254  attachment-medium size-medium\" alt=\"\" style=\"max-width: 100%; height: auto;\" srcset=\"https:\/\/www.pada.com.tr\/wp-content\/uploads\/2025\/09\/kablosuzsarj-300x300.png 300w, https:\/\/www.pada.com.tr\/wp-content\/uploads\/2025\/09\/kablosuzsarj-150x150.png 150w, https:\/\/www.pada.com.tr\/wp-content\/uploads\/2025\/09\/kablosuzsarj-768x768.png 768w, https:\/\/www.pada.com.tr\/wp-content\/uploads\/2025\/09\/kablosuzsarj.png 800w\" sizes=\"(max-width: 300px) 100vw, 300px\" \/><\/a>\t\t\t\t<\/div>\n\t\t\t\t<\/div>\n\t\t\t\t<\/div>\n\t\t<div class=\"elementor-element elementor-element-41584390 e-con-full e-flex e-con e-child\" data-id=\"41584390\" data-element_type=\"container\" data-e-type=\"container\">\n\t\t\t\t<div class=\"elementor-element elementor-element-e41d6c6 elementor-align-center elementor-widget elementor-widget-button\" data-id=\"e41d6c6\" data-element_type=\"widget\" data-e-type=\"widget\" data-widget_type=\"button.default\">\n\t\t\t\t\t\t\t\t\t\t<a class=\"elementor-button elementor-button-link elementor-size-sm\" href=\"#\">\n\t\t\t\t\t\t<span class=\"elementor-button-content-wrapper\">\n\t\t\t\t\t\t\t\t\t<span class=\"elementor-button-text\">KABLOSUZ KULAKLIKLAR <\/span>\n\t\t\t\t\t<\/span>\n\t\t\t\t\t<\/a>\n\t\t\t\t\t\t\t\t<\/div>\n\t\t\t\t<div class=\"elementor-element elementor-element-2e7b105 elementor-widget-tablet__width-initial elementor-widget elementor-widget-wp-widget-media_image\" data-id=\"2e7b105\" data-element_type=\"widget\" data-e-type=\"widget\" data-widget_type=\"wp-widget-media_image.default\">\n\t\t\t\t<div class=\"elementor-widget-container\">\n\t\t\t\t\t<a href=\"http:\/\/www.pada.com.tr\/index.php\/kablosuz-kulakliklar\/\"><img loading=\"lazy\" decoding=\"async\" width=\"300\" height=\"300\" src=\"https:\/\/www.pada.com.tr\/wp-content\/uploads\/2025\/09\/kablosuz-kulakliklar-300x300.png\" class=\"image wp-image-292  attachment-medium size-medium\" alt=\"\" style=\"max-width: 100%; height: auto;\" srcset=\"https:\/\/www.pada.com.tr\/wp-content\/uploads\/2025\/09\/kablosuz-kulakliklar-300x300.png 300w, https:\/\/www.pada.com.tr\/wp-content\/uploads\/2025\/09\/kablosuz-kulakliklar-150x150.png 150w, https:\/\/www.pada.com.tr\/wp-content\/uploads\/2025\/09\/kablosuz-kulakliklar-768x768.png 768w, https:\/\/www.pada.com.tr\/wp-content\/uploads\/2025\/09\/kablosuz-kulakliklar.png 800w\" sizes=\"(max-width: 300px) 100vw, 300px\" \/><\/a>\t\t\t\t<\/div>\n\t\t\t\t<\/div>\n\t\t\t\t<\/div>\n\t\t<div class=\"elementor-element elementor-element-66feb04e e-con-full e-flex e-con e-child\" data-id=\"66feb04e\" data-element_type=\"container\" data-e-type=\"container\">\n\t\t\t\t<div class=\"elementor-element elementor-element-0d169c1 elementor-align-center elementor-widget elementor-widget-button\" data-id=\"0d169c1\" data-element_type=\"widget\" data-e-type=\"widget\" data-widget_type=\"button.default\">\n\t\t\t\t\t\t\t\t\t\t<a class=\"elementor-button elementor-button-link elementor-size-sm\" href=\"http:\/\/www.pada.com.tr\/index.php\/tutucular\/\">\n\t\t\t\t\t\t<span class=\"elementor-button-content-wrapper\">\n\t\t\t\t\t\t\t\t\t<span class=\"elementor-button-text\">TUTUCULAR <\/span>\n\t\t\t\t\t<\/span>\n\t\t\t\t\t<\/a>\n\t\t\t\t\t\t\t\t<\/div>\n\t\t\t\t<div class=\"elementor-element elementor-element-adbd6b3 elementor-widget elementor-widget-wp-widget-media_image\" data-id=\"adbd6b3\" data-element_type=\"widget\" data-e-type=\"widget\" data-widget_type=\"wp-widget-media_image.default\">\n\t\t\t\t<div class=\"elementor-widget-container\">\n\t\t\t\t\t<a href=\"http:\/\/www.pada.com.tr\/index.php\/tutucular\/\"><img loading=\"lazy\" decoding=\"async\" width=\"300\" height=\"297\" src=\"https:\/\/www.pada.com.tr\/wp-content\/uploads\/2025\/09\/A144-1-300x297.jpg\" class=\"image wp-image-608  attachment-medium size-medium\" alt=\"\" style=\"max-width: 100%; height: auto;\" srcset=\"https:\/\/www.pada.com.tr\/wp-content\/uploads\/2025\/09\/A144-1-300x297.jpg 300w, https:\/\/www.pada.com.tr\/wp-content\/uploads\/2025\/09\/A144-1-1024x1015.jpg 1024w, https:\/\/www.pada.com.tr\/wp-content\/uploads\/2025\/09\/A144-1-150x150.jpg 150w, https:\/\/www.pada.com.tr\/wp-content\/uploads\/2025\/09\/A144-1-768x762.jpg 768w, https:\/\/www.pada.com.tr\/wp-content\/uploads\/2025\/09\/A144-1.jpg 1069w\" sizes=\"(max-width: 300px) 100vw, 300px\" \/><\/a>\t\t\t\t<\/div>\n\t\t\t\t<\/div>\n\t\t\t\t<\/div>\n\t\t\t\t<\/div>\n\t\t\t\t<\/div>\n\t\t\t\t\t<\/div>\n\t\t\t\t<\/div>\n\t\t<div class=\"elementor-element elementor-element-b370f01 e-con-full e-flex e-con e-parent\" data-id=\"b370f01\" data-element_type=\"container\" data-e-type=\"container\">\n\t\t\t\t<\/div>\n\t\t<div class=\"elementor-element elementor-element-2717174 e-flex e-con-boxed e-con e-parent\" data-id=\"2717174\" data-element_type=\"container\" data-e-type=\"container\">\n\t\t\t\t\t<div class=\"e-con-inner\">\n\t\t\t\t\t<\/div>\n\t\t\t\t<\/div>\n\t\t\t\t<\/div>\n\t\t","protected":false},"excerpt":{"rendered":"<p>ARABA \u015eARJ C\u0130HAZLARI \u015eARJ C\u0130HAZLARI KABLOLAR KABLOSUZ \u015eARJ C\u0130HAZLARI KABLOSUZ KULAKLIKLAR TUTUCULAR<\/p>\n","protected":false},"author":1,"featured_media":0,"parent":0,"menu_order":0,"comment_status":"closed","ping_status":"closed","template":"","meta":{"_kad_post_transparent":"","_kad_post_title":"hide","_kad_post_layout":"fullwidth","_kad_post_sidebar_id":"","_kad_post_content_style":"unboxed","_kad_post_vertical_padding":"hide","_kad_post_feature":"hide","_kad_post_feature_position":"","_kad_post_header":false,"_kad_post_footer":false,"_kad_post_classname":"","footnotes":""},"class_list":["post-35","page","type-page","status-publish","hentry"],"_links":{"self":[{"href":"https:\/\/www.pada.com.tr\/index.php\/wp-json\/wp\/v2\/pages\/35","targetHints":{"allow":["GET"]}}],"collection":[{"href":"https:\/\/www.pada.com.tr\/index.php\/wp-json\/wp\/v2\/pages"}],"about":[{"href":"https:\/\/www.pada.com.tr\/index.php\/wp-json\/wp\/v2\/types\/page"}],"author":[{"embeddable":true,"href":"https:\/\/www.pada.com.tr\/index.php\/wp-json\/wp\/v2\/users\/1"}],"replies":[{"embeddable":true,"href":"https:\/\/www.pada.com.tr\/index.php\/wp-json\/wp\/v2\/comments?post=35"}],"version-history":[{"count":349,"href":"https:\/\/www.pada.com.tr\/index.php\/wp-json\/wp\/v2\/pages\/35\/revisions"}],"predecessor-version":[{"id":1018,"href":"https:\/\/www.pada.com.tr\/index.php\/wp-json\/wp\/v2\/pages\/35\/revisions\/1018"}],"wp:attachment":[{"href":"https:\/\/www.pada.com.tr\/index.php\/wp-json\/wp\/v2\/media?parent=35"}],"curies":[{"name":"wp","href":"https:\/\/api.w.org\/{rel}","templated":true}]}}