{"id":214,"date":"2025-08-31T16:22:38","date_gmt":"2025-08-31T16:22:38","guid":{"rendered":"http:\/\/www.pada.com.tr\/?page_id=214"},"modified":"2025-09-03T18:42:27","modified_gmt":"2025-09-03T18:42:27","slug":"araba-sarj-cihazlari","status":"publish","type":"page","link":"https:\/\/www.pada.com.tr\/index.php\/araba-sarj-cihazlari\/","title":{"rendered":"ARABA \u015eARJ C\u0130HAZLARI"},"content":{"rendered":"\t\t<div data-elementor-type=\"wp-page\" data-elementor-id=\"214\" class=\"elementor elementor-214\">\n\t\t\t\t<div class=\"elementor-element elementor-element-26c67d0d e-flex e-con-boxed e-con e-child\" data-id=\"26c67d0d\" data-element_type=\"container\" data-e-type=\"container\">\n\t\t\t\t\t<div class=\"e-con-inner\">\n\t\t<div class=\"elementor-element elementor-element-254ba484 e-con-full e-flex e-con e-child\" data-id=\"254ba484\" data-element_type=\"container\" data-e-type=\"container\">\n\t\t<div class=\"elementor-element elementor-element-1e6b7724 e-con-full e-flex e-con e-child\" data-id=\"1e6b7724\" data-element_type=\"container\" data-e-type=\"container\">\n\t\t<div class=\"elementor-element elementor-element-1d5705c0 e-con-full e-flex e-con e-child\" data-id=\"1d5705c0\" data-element_type=\"container\" data-e-type=\"container\">\n\t\t\t\t<div class=\"elementor-element elementor-element-1c416e59 elementor-widget-tablet__width-initial elementor-widget elementor-widget-wp-widget-media_image\" data-id=\"1c416e59\" data-element_type=\"widget\" data-e-type=\"widget\" data-widget_type=\"wp-widget-media_image.default\">\n\t\t\t\t<div class=\"elementor-widget-container\">\n\t\t\t\t\t<a href=\"http:\/\/www.pada.com.tr\/index.php\/c08\/\"><img fetchpriority=\"high\" decoding=\"async\" width=\"300\" height=\"300\" src=\"https:\/\/www.pada.com.tr\/wp-content\/uploads\/2025\/09\/c08-300x300.png\" class=\"image wp-image-293  attachment-medium size-medium\" alt=\"\" style=\"max-width: 100%; height: auto;\" srcset=\"https:\/\/www.pada.com.tr\/wp-content\/uploads\/2025\/09\/c08-300x300.png 300w, https:\/\/www.pada.com.tr\/wp-content\/uploads\/2025\/09\/c08-150x150.png 150w, https:\/\/www.pada.com.tr\/wp-content\/uploads\/2025\/09\/c08-768x768.png 768w, https:\/\/www.pada.com.tr\/wp-content\/uploads\/2025\/09\/c08.png 800w\" sizes=\"(max-width: 300px) 100vw, 300px\" \/><\/a>\t\t\t\t<\/div>\n\t\t\t\t<\/div>\n\t\t\t\t<div class=\"elementor-element elementor-element-82d062a elementor-widget elementor-widget-text-editor\" data-id=\"82d062a\" data-element_type=\"widget\" data-e-type=\"widget\" data-widget_type=\"text-editor.default\">\n\t\t\t\t\t\t\t\t\t<p>PADA 30 WATT M\u0130N\u0130 ARABA \u015eARJ\u00a0<\/p>\t\t\t\t\t\t\t\t<\/div>\n\t\t\t\t<\/div>\n\t\t<div class=\"elementor-element elementor-element-76e0f7bc e-con-full e-flex e-con e-child\" data-id=\"76e0f7bc\" data-element_type=\"container\" data-e-type=\"container\">\n\t\t\t\t<div class=\"elementor-element elementor-element-20b76e86 elementor-widget-tablet__width-initial elementor-widget elementor-widget-wp-widget-media_image\" data-id=\"20b76e86\" data-element_type=\"widget\" data-e-type=\"widget\" data-widget_type=\"wp-widget-media_image.default\">\n\t\t\t\t<div class=\"elementor-widget-container\">\n\t\t\t\t\t<a href=\"http:\/\/www.pada.com.tr\/index.php\/c12cp-30-watt-araba-sarj\/\"><img decoding=\"async\" width=\"265\" height=\"300\" src=\"https:\/\/www.pada.com.tr\/wp-content\/uploads\/2025\/09\/c12p-265x300.png\" class=\"image wp-image-572  attachment-medium size-medium\" alt=\"\" style=\"max-width: 100%; height: auto;\" srcset=\"https:\/\/www.pada.com.tr\/wp-content\/uploads\/2025\/09\/c12p-265x300.png 265w, https:\/\/www.pada.com.tr\/wp-content\/uploads\/2025\/09\/c12p-905x1024.png 905w, https:\/\/www.pada.com.tr\/wp-content\/uploads\/2025\/09\/c12p-768x869.png 768w, https:\/\/www.pada.com.tr\/wp-content\/uploads\/2025\/09\/c12p-e1756892062256.png 500w\" sizes=\"(max-width: 265px) 100vw, 265px\" \/><\/a>\t\t\t\t<\/div>\n\t\t\t\t<\/div>\n\t\t\t\t<div class=\"elementor-element elementor-element-8255451 elementor-widget elementor-widget-text-editor\" data-id=\"8255451\" data-element_type=\"widget\" data-e-type=\"widget\" data-widget_type=\"text-editor.default\">\n\t\t\t\t\t\t\t\t\t<p>\u00a030 WATT \u015eEFFAF ARABA \u015eARJ\u00a0<\/p>\t\t\t\t\t\t\t\t<\/div>\n\t\t\t\t<\/div>\n\t\t<div class=\"elementor-element elementor-element-4085c7c4 e-con-full e-flex e-con e-child\" data-id=\"4085c7c4\" data-element_type=\"container\" data-e-type=\"container\">\n\t\t\t\t<div class=\"elementor-element elementor-element-1485386b elementor-widget-tablet__width-initial elementor-widget elementor-widget-wp-widget-media_image\" data-id=\"1485386b\" data-element_type=\"widget\" data-e-type=\"widget\" data-widget_type=\"wp-widget-media_image.default\">\n\t\t\t\t<div class=\"elementor-widget-container\">\n\t\t\t\t\t<a href=\"http:\/\/www.pada.com.tr\/index.php\/c12cp-2\/\"><img decoding=\"async\" width=\"178\" height=\"300\" src=\"https:\/\/www.pada.com.tr\/wp-content\/uploads\/2025\/09\/c12cp-178x300.png\" class=\"image wp-image-573  attachment-medium size-medium\" alt=\"\" style=\"max-width: 100%; height: auto;\" srcset=\"https:\/\/www.pada.com.tr\/wp-content\/uploads\/2025\/09\/c12cp-178x300.png 178w, https:\/\/www.pada.com.tr\/wp-content\/uploads\/2025\/09\/c12cp-606x1024.png 606w, https:\/\/www.pada.com.tr\/wp-content\/uploads\/2025\/09\/c12cp.png 700w\" sizes=\"(max-width: 178px) 100vw, 178px\" \/><\/a>\t\t\t\t<\/div>\n\t\t\t\t<\/div>\n\t\t\t\t<div class=\"elementor-element elementor-element-02c2946 elementor-widget elementor-widget-text-editor\" data-id=\"02c2946\" data-element_type=\"widget\" data-e-type=\"widget\" data-widget_type=\"text-editor.default\">\n\t\t\t\t\t\t\t\t\t<p>&nbsp;30 WATT PD &nbsp;ARABA \u015eARJ&nbsp;<\/p>\t\t\t\t\t\t\t\t<\/div>\n\t\t\t\t<\/div>\n\t\t\t\t<\/div>\n\t\t<div class=\"elementor-element elementor-element-43b29b1 e-con-full e-flex e-con e-child\" data-id=\"43b29b1\" data-element_type=\"container\" data-e-type=\"container\">\n\t\t<div class=\"elementor-element elementor-element-5205ed41 e-con-full e-flex e-con e-child\" data-id=\"5205ed41\" data-element_type=\"container\" data-e-type=\"container\">\n\t\t\t\t<div class=\"elementor-element elementor-element-58a42aca elementor-widget-tablet__width-initial elementor-widget elementor-widget-wp-widget-media_image\" data-id=\"58a42aca\" data-element_type=\"widget\" data-e-type=\"widget\" data-widget_type=\"wp-widget-media_image.default\">\n\t\t\t\t<div class=\"elementor-widget-container\">\n\t\t\t\t\t<img loading=\"lazy\" decoding=\"async\" width=\"200\" height=\"300\" src=\"https:\/\/www.pada.com.tr\/wp-content\/uploads\/2025\/09\/C12-200x300.png\" class=\"image wp-image-574  attachment-medium size-medium\" alt=\"\" style=\"max-width: 100%; height: auto;\" srcset=\"https:\/\/www.pada.com.tr\/wp-content\/uploads\/2025\/09\/C12-200x300.png 200w, https:\/\/www.pada.com.tr\/wp-content\/uploads\/2025\/09\/C12-683x1024.png 683w, https:\/\/www.pada.com.tr\/wp-content\/uploads\/2025\/09\/C12-768x1152.png 768w, https:\/\/www.pada.com.tr\/wp-content\/uploads\/2025\/09\/C12.png 1024w\" sizes=\"(max-width: 200px) 100vw, 200px\" \/>\t\t\t\t<\/div>\n\t\t\t\t<\/div>\n\t\t\t\t<div class=\"elementor-element elementor-element-174c461 elementor-widget elementor-widget-text-editor\" data-id=\"174c461\" data-element_type=\"widget\" data-e-type=\"widget\" data-widget_type=\"text-editor.default\">\n\t\t\t\t\t\t\t\t\t<p>3A 2XUSB ARABA \u015eARJ C\u0130HAZI\u00a0<\/p>\t\t\t\t\t\t\t\t<\/div>\n\t\t\t\t<\/div>\n\t\t<div class=\"elementor-element elementor-element-f14a2fe e-con-full e-flex e-con e-child\" data-id=\"f14a2fe\" data-element_type=\"container\" data-e-type=\"container\">\n\t\t\t\t<div class=\"elementor-element elementor-element-54eaa69 elementor-widget-tablet__width-initial e-transform elementor-widget elementor-widget-wp-widget-media_image\" data-id=\"54eaa69\" data-element_type=\"widget\" data-e-type=\"widget\" data-settings=\"{&quot;_transform_rotateZ_effect&quot;:{&quot;unit&quot;:&quot;px&quot;,&quot;size&quot;:-306,&quot;sizes&quot;:[]},&quot;_transform_rotateZ_effect_tablet&quot;:{&quot;unit&quot;:&quot;deg&quot;,&quot;size&quot;:&quot;&quot;,&quot;sizes&quot;:[]},&quot;_transform_rotateZ_effect_mobile&quot;:{&quot;unit&quot;:&quot;deg&quot;,&quot;size&quot;:&quot;&quot;,&quot;sizes&quot;:[]}}\" data-widget_type=\"wp-widget-media_image.default\">\n\t\t\t\t<div class=\"elementor-widget-container\">\n\t\t\t\t\t<img loading=\"lazy\" decoding=\"async\" width=\"221\" height=\"300\" src=\"https:\/\/www.pada.com.tr\/wp-content\/uploads\/2025\/09\/pdc01-1-221x300.jpg\" class=\"image wp-image-575  attachment-medium size-medium\" alt=\"\" style=\"max-width: 100%; height: auto;\" srcset=\"https:\/\/www.pada.com.tr\/wp-content\/uploads\/2025\/09\/pdc01-1-221x300.jpg 221w, https:\/\/www.pada.com.tr\/wp-content\/uploads\/2025\/09\/pdc01-1-754x1024.jpg 754w, https:\/\/www.pada.com.tr\/wp-content\/uploads\/2025\/09\/pdc01-1-768x1043.jpg 768w, https:\/\/www.pada.com.tr\/wp-content\/uploads\/2025\/09\/pdc01-1.jpg 771w\" sizes=\"(max-width: 221px) 100vw, 221px\" \/>\t\t\t\t<\/div>\n\t\t\t\t<\/div>\n\t\t\t\t<div class=\"elementor-element elementor-element-3912197 elementor-widget elementor-widget-text-editor\" data-id=\"3912197\" data-element_type=\"widget\" data-e-type=\"widget\" data-widget_type=\"text-editor.default\">\n\t\t\t\t\t\t\t\t\t<p>30WATT + 18WATT QC ARABA \u015eARJ\u00a0<\/p>\t\t\t\t\t\t\t\t<\/div>\n\t\t\t\t<\/div>\n\t\t<div class=\"elementor-element elementor-element-fdf8b67 e-con-full e-flex e-con e-child\" data-id=\"fdf8b67\" data-element_type=\"container\" data-e-type=\"container\">\n\t\t\t\t<div class=\"elementor-element elementor-element-4cfff18 elementor-widget-tablet__width-initial e-transform elementor-widget elementor-widget-wp-widget-media_image\" data-id=\"4cfff18\" data-element_type=\"widget\" data-e-type=\"widget\" data-settings=\"{&quot;_transform_rotateZ_effect&quot;:{&quot;unit&quot;:&quot;px&quot;,&quot;size&quot;:-136,&quot;sizes&quot;:[]},&quot;_transform_rotateZ_effect_tablet&quot;:{&quot;unit&quot;:&quot;deg&quot;,&quot;size&quot;:&quot;&quot;,&quot;sizes&quot;:[]},&quot;_transform_rotateZ_effect_mobile&quot;:{&quot;unit&quot;:&quot;deg&quot;,&quot;size&quot;:&quot;&quot;,&quot;sizes&quot;:[]}}\" data-widget_type=\"wp-widget-media_image.default\">\n\t\t\t\t<div class=\"elementor-widget-container\">\n\t\t\t\t\t<img loading=\"lazy\" decoding=\"async\" width=\"158\" height=\"300\" src=\"https:\/\/www.pada.com.tr\/wp-content\/uploads\/2025\/09\/PDC02-158x300.png\" class=\"image wp-image-577  attachment-medium size-medium\" alt=\"\" style=\"max-width: 100%; height: auto;\" srcset=\"https:\/\/www.pada.com.tr\/wp-content\/uploads\/2025\/09\/PDC02-158x300.png 158w, https:\/\/www.pada.com.tr\/wp-content\/uploads\/2025\/09\/PDC02-539x1024.png 539w, https:\/\/www.pada.com.tr\/wp-content\/uploads\/2025\/09\/PDC02-768x1459.png 768w, https:\/\/www.pada.com.tr\/wp-content\/uploads\/2025\/09\/PDC02-808x1536.png 808w, https:\/\/www.pada.com.tr\/wp-content\/uploads\/2025\/09\/PDC02.png 829w\" sizes=\"(max-width: 158px) 100vw, 158px\" \/>\t\t\t\t<\/div>\n\t\t\t\t<\/div>\n\t\t\t\t<div class=\"elementor-element elementor-element-e934f13 elementor-widget elementor-widget-text-editor\" data-id=\"e934f13\" data-element_type=\"widget\" data-e-type=\"widget\" data-widget_type=\"text-editor.default\">\n\t\t\t\t\t\t\t\t\t<p>3.4A 2XUSB ARABA \u015eARJ C\u0130HAZI\u00a0<\/p>\t\t\t\t\t\t\t\t<\/div>\n\t\t\t\t<\/div>\n\t\t\t\t<\/div>\n\t\t\t\t<\/div>\n\t\t\t\t\t<\/div>\n\t\t\t\t<\/div>\n\t\t<div class=\"elementor-element elementor-element-8b7e596 e-flex e-con-boxed e-con e-parent\" data-id=\"8b7e596\" data-element_type=\"container\" data-e-type=\"container\">\n\t\t\t\t\t<div class=\"e-con-inner\">\n\t\t\t\t\t<\/div>\n\t\t\t\t<\/div>\n\t\t\t\t<\/div>\n\t\t","protected":false},"excerpt":{"rendered":"<p>PADA 30 WATT M\u0130N\u0130 ARABA \u015eARJ\u00a0 \u00a030 WATT \u015eEFFAF ARABA \u015eARJ\u00a0 &nbsp;30 WATT PD &nbsp;ARABA \u015eARJ&nbsp; 3A 2XUSB ARABA \u015eARJ C\u0130HAZI\u00a0 30WATT + 18WATT QC ARABA \u015eARJ\u00a0 3.4A 2XUSB ARABA \u015eARJ C\u0130HAZI\u00a0<\/p>\n","protected":false},"author":1,"featured_media":0,"parent":0,"menu_order":0,"comment_status":"closed","ping_status":"closed","template":"","meta":{"_kad_post_transparent":"","_kad_post_title":"hide","_kad_post_layout":"fullwidth","_kad_post_sidebar_id":"","_kad_post_content_style":"unboxed","_kad_post_vertical_padding":"hide","_kad_post_feature":"hide","_kad_post_feature_position":"","_kad_post_header":false,"_kad_post_footer":false,"_kad_post_classname":"","footnotes":""},"class_list":["post-214","page","type-page","status-publish","hentry"],"_links":{"self":[{"href":"https:\/\/www.pada.com.tr\/index.php\/wp-json\/wp\/v2\/pages\/214","targetHints":{"allow":["GET"]}}],"collection":[{"href":"https:\/\/www.pada.com.tr\/index.php\/wp-json\/wp\/v2\/pages"}],"about":[{"href":"https:\/\/www.pada.com.tr\/index.php\/wp-json\/wp\/v2\/types\/page"}],"author":[{"embeddable":true,"href":"https:\/\/www.pada.com.tr\/index.php\/wp-json\/wp\/v2\/users\/1"}],"replies":[{"embeddable":true,"href":"https:\/\/www.pada.com.tr\/index.php\/wp-json\/wp\/v2\/comments?post=214"}],"version-history":[{"count":40,"href":"https:\/\/www.pada.com.tr\/index.php\/wp-json\/wp\/v2\/pages\/214\/revisions"}],"predecessor-version":[{"id":928,"href":"https:\/\/www.pada.com.tr\/index.php\/wp-json\/wp\/v2\/pages\/214\/revisions\/928"}],"wp:attachment":[{"href":"https:\/\/www.pada.com.tr\/index.php\/wp-json\/wp\/v2\/media?parent=214"}],"curies":[{"name":"wp","href":"https:\/\/api.w.org\/{rel}","templated":true}]}}